{"id":607,"date":"2024-03-19T17:43:36","date_gmt":"2024-03-19T20:43:36","guid":{"rendered":"https:\/\/felixfaztudo-rs.com.br\/?page_id=607"},"modified":"2024-03-24T01:20:39","modified_gmt":"2024-03-24T04:20:39","slug":"formadecontratacao","status":"publish","type":"page","link":"https:\/\/felixfaztudo-rs.com.br\/index.php\/formadecontratacao\/","title":{"rendered":"Forma de contrata\u00e7\u00e3o"},"content":{"rendered":"\t\t<div data-elementor-type=\"wp-page\" data-elementor-id=\"607\" class=\"elementor elementor-607\">\n\t\t\t\t<div class=\"elementor-element elementor-element-fda819d e-con-full e-flex e-con e-parent\" data-id=\"fda819d\" data-element_type=\"container\" data-core-v316-plus=\"true\">\n\t\t\t\t<div class=\"elementor-element elementor-element-b38c29c elementor-widget elementor-widget-heading\" data-id=\"b38c29c\" data-element_type=\"widget\" data-widget_type=\"heading.default\">\n\t\t\t\t<div class=\"elementor-widget-container\">\n\t\t\t<style>\/*! elementor - v3.20.0 - 10-04-2024 *\/\n.elementor-heading-title{padding:0;margin:0;line-height:1}.elementor-widget-heading .elementor-heading-title[class*=elementor-size-]>a{color:inherit;font-size:inherit;line-height:inherit}.elementor-widget-heading .elementor-heading-title.elementor-size-small{font-size:15px}.elementor-widget-heading .elementor-heading-title.elementor-size-medium{font-size:19px}.elementor-widget-heading .elementor-heading-title.elementor-size-large{font-size:29px}.elementor-widget-heading .elementor-heading-title.elementor-size-xl{font-size:39px}.elementor-widget-heading .elementor-heading-title.elementor-size-xxl{font-size:59px}<\/style><h2 class=\"elementor-heading-title elementor-size-default\">Nossas formas de contrata\u00e7\u00e3o<\/h2>\t\t<\/div>\n\t\t\t\t<\/div>\n\t\t\t\t<\/div>\n\t\t<div class=\"elementor-element elementor-element-2bbf195 e-flex e-con-boxed e-con e-parent\" data-id=\"2bbf195\" data-element_type=\"container\" data-core-v316-plus=\"true\">\n\t\t\t\t\t<div class=\"e-con-inner\">\n\t\t<div class=\"elementor-element elementor-element-05c398f e-con-full e-flex e-con e-parent\" data-id=\"05c398f\" data-element_type=\"container\" data-core-v316-plus=\"true\">\n\t\t\t\t<div class=\"elementor-element elementor-element-76e5c9f elementor-widget__width-initial elementor-widget elementor-widget-image\" data-id=\"76e5c9f\" data-element_type=\"widget\" data-widget_type=\"image.default\">\n\t\t\t\t<div class=\"elementor-widget-container\">\n\t\t\t<style>\/*! elementor - v3.20.0 - 10-04-2024 *\/\n.elementor-widget-image{text-align:center}.elementor-widget-image a{display:inline-block}.elementor-widget-image a img[src$=\".svg\"]{width:48px}.elementor-widget-image img{vertical-align:middle;display:inline-block}<\/style>\t\t\t\t\t\t\t\t\t\t<img fetchpriority=\"high\" decoding=\"async\" width=\"915\" height=\"1024\" src=\"https:\/\/felixfaztudo-rs.com.br\/wp-content\/uploads\/2024\/03\/FORMAS-DE-CONTRATACAO_hora-contratada-915x1024.png\" class=\"attachment-large size-large wp-image-608\" alt=\"\" srcset=\"https:\/\/felixfaztudo-rs.com.br\/wp-content\/uploads\/2024\/03\/FORMAS-DE-CONTRATACAO_hora-contratada-915x1024.png 915w, https:\/\/felixfaztudo-rs.com.br\/wp-content\/uploads\/2024\/03\/FORMAS-DE-CONTRATACAO_hora-contratada-268x300.png 268w, https:\/\/felixfaztudo-rs.com.br\/wp-content\/uploads\/2024\/03\/FORMAS-DE-CONTRATACAO_hora-contratada-768x860.png 768w, https:\/\/felixfaztudo-rs.com.br\/wp-content\/uploads\/2024\/03\/FORMAS-DE-CONTRATACAO_hora-contratada-600x672.png 600w, https:\/\/felixfaztudo-rs.com.br\/wp-content\/uploads\/2024\/03\/FORMAS-DE-CONTRATACAO_hora-contratada.png 1121w\" sizes=\"(max-width: 915px) 100vw, 915px\" \/>\t\t\t\t\t\t\t\t\t\t\t\t\t<\/div>\n\t\t\t\t<\/div>\n\t\t<div class=\"elementor-element elementor-element-78655e3 e-con-full e-flex e-con e-parent\" data-id=\"78655e3\" data-element_type=\"container\" data-core-v316-plus=\"true\">\n\t\t\t\t<\/div>\n\t\t\t\t<\/div>\n\t\t<div class=\"elementor-element elementor-element-c3953bd e-con-full e-flex e-con e-parent\" data-id=\"c3953bd\" data-element_type=\"container\" data-core-v316-plus=\"true\">\n\t\t\t\t<div class=\"elementor-element elementor-element-11de6ce elementor-widget elementor-widget-image\" data-id=\"11de6ce\" data-element_type=\"widget\" data-widget_type=\"image.default\">\n\t\t\t\t<div class=\"elementor-widget-container\">\n\t\t\t\t\t\t\t\t\t\t\t\t\t<img decoding=\"async\" width=\"915\" height=\"1024\" src=\"https:\/\/felixfaztudo-rs.com.br\/wp-content\/uploads\/2024\/03\/Manutencao-predial_empresa-915x1024.png\" class=\"attachment-large size-large wp-image-609\" alt=\"\" srcset=\"https:\/\/felixfaztudo-rs.com.br\/wp-content\/uploads\/2024\/03\/Manutencao-predial_empresa-915x1024.png 915w, https:\/\/felixfaztudo-rs.com.br\/wp-content\/uploads\/2024\/03\/Manutencao-predial_empresa-268x300.png 268w, https:\/\/felixfaztudo-rs.com.br\/wp-content\/uploads\/2024\/03\/Manutencao-predial_empresa-768x859.png 768w, https:\/\/felixfaztudo-rs.com.br\/wp-content\/uploads\/2024\/03\/Manutencao-predial_empresa-600x671.png 600w, https:\/\/felixfaztudo-rs.com.br\/wp-content\/uploads\/2024\/03\/Manutencao-predial_empresa.png 1122w\" sizes=\"(max-width: 915px) 100vw, 915px\" \/>\t\t\t\t\t\t\t\t\t\t\t\t\t<\/div>\n\t\t\t\t<\/div>\n\t\t<div class=\"elementor-element elementor-element-4bc4110 e-con-full e-flex e-con e-parent\" data-id=\"4bc4110\" data-element_type=\"container\" data-core-v316-plus=\"true\">\n\t\t\t\t<\/div>\n\t\t\t\t<\/div>\n\t\t<div class=\"elementor-element elementor-element-34b2ca0 e-con-full e-flex e-con e-parent\" data-id=\"34b2ca0\" data-element_type=\"container\" data-core-v316-plus=\"true\">\n\t\t<div class=\"elementor-element elementor-element-593b6a5 e-con-full e-flex e-con e-parent\" data-id=\"593b6a5\" data-element_type=\"container\" data-core-v316-plus=\"true\">\n\t\t\t\t<div class=\"elementor-element elementor-element-8b89c19 elementor-widget elementor-widget-image\" data-id=\"8b89c19\" data-element_type=\"widget\" data-widget_type=\"image.default\">\n\t\t\t\t<div class=\"elementor-widget-container\">\n\t\t\t\t\t\t\t\t\t\t\t\t\t<img decoding=\"async\" width=\"915\" height=\"1024\" src=\"https:\/\/felixfaztudo-rs.com.br\/wp-content\/uploads\/2024\/03\/Orcamento-para-obra-e-manutencao-predial-em-Porto-Alegre-915x1024.png\" class=\"attachment-large size-large wp-image-610\" alt=\"\" srcset=\"https:\/\/felixfaztudo-rs.com.br\/wp-content\/uploads\/2024\/03\/Orcamento-para-obra-e-manutencao-predial-em-Porto-Alegre-915x1024.png 915w, https:\/\/felixfaztudo-rs.com.br\/wp-content\/uploads\/2024\/03\/Orcamento-para-obra-e-manutencao-predial-em-Porto-Alegre-268x300.png 268w, https:\/\/felixfaztudo-rs.com.br\/wp-content\/uploads\/2024\/03\/Orcamento-para-obra-e-manutencao-predial-em-Porto-Alegre-768x859.png 768w, https:\/\/felixfaztudo-rs.com.br\/wp-content\/uploads\/2024\/03\/Orcamento-para-obra-e-manutencao-predial-em-Porto-Alegre-600x671.png 600w, https:\/\/felixfaztudo-rs.com.br\/wp-content\/uploads\/2024\/03\/Orcamento-para-obra-e-manutencao-predial-em-Porto-Alegre.png 1122w\" sizes=\"(max-width: 915px) 100vw, 915px\" \/>\t\t\t\t\t\t\t\t\t\t\t\t\t<\/div>\n\t\t\t\t<\/div>\n\t\t\t\t<\/div>\n\t\t\t\t<\/div>\n\t\t\t\t\t<\/div>\n\t\t\t\t<\/div>\n\t\t<div class=\"elementor-element elementor-element-1b4db14 e-flex e-con-boxed e-con e-parent\" data-id=\"1b4db14\" data-element_type=\"container\" data-core-v316-plus=\"true\">\n\t\t\t\t\t<div class=\"e-con-inner\">\n\t\t\t\t<div class=\"elementor-element elementor-element-a6bdaa1 elementor-align-center elementor-mobile-align-center elementor-widget elementor-widget-button\" data-id=\"a6bdaa1\" data-element_type=\"widget\" data-widget_type=\"button.default\">\n\t\t\t\t<div class=\"elementor-widget-container\">\n\t\t\t\t\t<div class=\"elementor-button-wrapper\">\n\t\t\t<a class=\"elementor-button elementor-button-link elementor-size-sm\" href=\"https:\/\/wa.me\/5551991849670\">\n\t\t\t\t\t\t<span class=\"elementor-button-content-wrapper\">\n\t\t\t\t\t\t<span class=\"elementor-button-text\">Clique aqui e solicite seu or\u00e7amento agora mesmo !<\/span>\n\t\t<\/span>\n\t\t\t\t\t<\/a>\n\t\t<\/div>\n\t\t\t\t<\/div>\n\t\t\t\t<\/div>\n\t\t\t\t<div class=\"elementor-element elementor-element-1564d45 elementor-widget__width-inherit elementor-widget elementor-widget-text-editor\" data-id=\"1564d45\" data-element_type=\"widget\" data-widget_type=\"text-editor.default\">\n\t\t\t\t<div class=\"elementor-widget-container\">\n\t\t\t<style>\/*! elementor - v3.20.0 - 10-04-2024 *\/\n.elementor-widget-text-editor.elementor-drop-cap-view-stacked .elementor-drop-cap{background-color:#69727d;color:#fff}.elementor-widget-text-editor.elementor-drop-cap-view-framed .elementor-drop-cap{color:#69727d;border:3px solid;background-color:transparent}.elementor-widget-text-editor:not(.elementor-drop-cap-view-default) .elementor-drop-cap{margin-top:8px}.elementor-widget-text-editor:not(.elementor-drop-cap-view-default) .elementor-drop-cap-letter{width:1em;height:1em}.elementor-widget-text-editor .elementor-drop-cap{float:left;text-align:center;line-height:1;font-size:50px}.elementor-widget-text-editor .elementor-drop-cap-letter{display:inline-block}<\/style>\t\t\t\t<p>&nbsp;Envie imagens e v\u00eddeos e&nbsp;<\/p><p>tenha um or\u00e7amento&nbsp; de modo pr\u00e1tico e r\u00e1pido.&nbsp;<\/p>\n<p><\/p>\t\t\t\t\t\t<\/div>\n\t\t\t\t<\/div>\n\t\t\t\t\t<\/div>\n\t\t\t\t<\/div>\n\t\t\t\t<\/div>\n\t\t","protected":false},"excerpt":{"rendered":"<p>Nossas formas de contrata\u00e7\u00e3o Clique aqui e solicite seu or\u00e7amento agora mesmo ! &nbsp;Envie imagens e v\u00eddeos e&nbsp; tenha um or\u00e7amento&nbsp; de modo pr\u00e1tico e r\u00e1pido.&nbsp;<\/p>\n","protected":false},"author":1,"featured_media":0,"parent":0,"menu_order":0,"comment_status":"closed","ping_status":"closed","template":"elementor_header_footer","meta":{"footnotes":""},"class_list":["post-607","page","type-page","status-publish","hentry"],"_links":{"self":[{"href":"https:\/\/felixfaztudo-rs.com.br\/index.php\/wp-json\/wp\/v2\/pages\/607","targetHints":{"allow":["GET"]}}],"collection":[{"href":"https:\/\/felixfaztudo-rs.com.br\/index.php\/wp-json\/wp\/v2\/pages"}],"about":[{"href":"https:\/\/felixfaztudo-rs.com.br\/index.php\/wp-json\/wp\/v2\/types\/page"}],"author":[{"embeddable":true,"href":"https:\/\/felixfaztudo-rs.com.br\/index.php\/wp-json\/wp\/v2\/users\/1"}],"replies":[{"embeddable":true,"href":"https:\/\/felixfaztudo-rs.com.br\/index.php\/wp-json\/wp\/v2\/comments?post=607"}],"version-history":[{"count":11,"href":"https:\/\/felixfaztudo-rs.com.br\/index.php\/wp-json\/wp\/v2\/pages\/607\/revisions"}],"predecessor-version":[{"id":880,"href":"https:\/\/felixfaztudo-rs.com.br\/index.php\/wp-json\/wp\/v2\/pages\/607\/revisions\/880"}],"wp:attachment":[{"href":"https:\/\/felixfaztudo-rs.com.br\/index.php\/wp-json\/wp\/v2\/media?parent=607"}],"curies":[{"name":"wp","href":"https:\/\/api.w.org\/{rel}","templated":true}]}}