{"id":77,"date":"2023-08-09T16:32:03","date_gmt":"2023-08-09T19:32:03","guid":{"rendered":"https:\/\/felixfaztudo-rs.com.br\/?page_id=77"},"modified":"2024-03-31T01:08:02","modified_gmt":"2024-03-31T04:08:02","slug":"servicos","status":"publish","type":"page","link":"https:\/\/felixfaztudo-rs.com.br\/index.php\/servicos\/","title":{"rendered":"Servi\u00e7os"},"content":{"rendered":"\t\t<div data-elementor-type=\"wp-page\" data-elementor-id=\"77\" class=\"elementor elementor-77\">\n\t\t\t\t<div class=\"elementor-element elementor-element-bd20142 e-flex e-con-boxed e-con e-parent\" data-id=\"bd20142\" data-element_type=\"container\" data-core-v316-plus=\"true\">\n\t\t\t\t\t<div class=\"e-con-inner\">\n\t\t\t\t<div class=\"elementor-element elementor-element-90979e0 elementor-widget__width-inherit elementor-widget elementor-widget-heading\" data-id=\"90979e0\" data-element_type=\"widget\" data-widget_type=\"heading.default\">\n\t\t\t\t<div class=\"elementor-widget-container\">\n\t\t\t<style>\/*! elementor - v3.20.0 - 10-04-2024 *\/\n.elementor-heading-title{padding:0;margin:0;line-height:1}.elementor-widget-heading .elementor-heading-title[class*=elementor-size-]>a{color:inherit;font-size:inherit;line-height:inherit}.elementor-widget-heading .elementor-heading-title.elementor-size-small{font-size:15px}.elementor-widget-heading .elementor-heading-title.elementor-size-medium{font-size:19px}.elementor-widget-heading .elementor-heading-title.elementor-size-large{font-size:29px}.elementor-widget-heading .elementor-heading-title.elementor-size-xl{font-size:39px}.elementor-widget-heading .elementor-heading-title.elementor-size-xxl{font-size:59px}<\/style><h1 class=\"elementor-heading-title elementor-size-medium\">Servi\u00e7os diversos para seu im\u00f3vel !<\/h1>\t\t<\/div>\n\t\t\t\t<\/div>\n\t\t\t\t\t<\/div>\n\t\t\t\t<\/div>\n\t\t<div class=\"elementor-element elementor-element-8cdab48 e-con-full e-flex e-con e-parent\" data-id=\"8cdab48\" data-element_type=\"container\" data-core-v316-plus=\"true\">\n\t\t<div class=\"elementor-element elementor-element-4cb9e4b e-con-full e-flex e-con e-parent\" data-id=\"4cb9e4b\" data-element_type=\"container\" data-core-v316-plus=\"true\">\n\t\t\t\t<div class=\"elementor-element elementor-element-88ad053 elementor-widget elementor-widget-image\" data-id=\"88ad053\" data-element_type=\"widget\" data-widget_type=\"image.default\">\n\t\t\t\t<div class=\"elementor-widget-container\">\n\t\t\t<style>\/*! elementor - v3.20.0 - 10-04-2024 *\/\n.elementor-widget-image{text-align:center}.elementor-widget-image a{display:inline-block}.elementor-widget-image a img[src$=\".svg\"]{width:48px}.elementor-widget-image img{vertical-align:middle;display:inline-block}<\/style>\t\t\t\t\t\t\t\t\t\t<img fetchpriority=\"high\" decoding=\"async\" width=\"621\" height=\"731\" src=\"https:\/\/felixfaztudo-rs.com.br\/wp-content\/uploads\/2024\/03\/Eletricista-em-Porto-Alegre_Instalacao-de-interruptores-e-tomadas.png\" class=\"attachment-large size-large wp-image-955\" alt=\"\" srcset=\"https:\/\/felixfaztudo-rs.com.br\/wp-content\/uploads\/2024\/03\/Eletricista-em-Porto-Alegre_Instalacao-de-interruptores-e-tomadas.png 621w, https:\/\/felixfaztudo-rs.com.br\/wp-content\/uploads\/2024\/03\/Eletricista-em-Porto-Alegre_Instalacao-de-interruptores-e-tomadas-255x300.png 255w, https:\/\/felixfaztudo-rs.com.br\/wp-content\/uploads\/2024\/03\/Eletricista-em-Porto-Alegre_Instalacao-de-interruptores-e-tomadas-600x706.png 600w\" sizes=\"(max-width: 621px) 100vw, 621px\" \/>\t\t\t\t\t\t\t\t\t\t\t\t\t<\/div>\n\t\t\t\t<\/div>\n\t\t\t\t<\/div>\n\t\t<div class=\"elementor-element elementor-element-59aa1b3 e-con-full e-flex e-con e-parent\" data-id=\"59aa1b3\" data-element_type=\"container\" data-core-v316-plus=\"true\">\n\t\t\t\t<div class=\"elementor-element elementor-element-a4337f5 elementor-widget elementor-widget-image\" data-id=\"a4337f5\" data-element_type=\"widget\" data-widget_type=\"image.default\">\n\t\t\t\t<div class=\"elementor-widget-container\">\n\t\t\t\t\t\t\t\t\t\t\t\t\t<img decoding=\"async\" width=\"600\" height=\"733\" src=\"https:\/\/felixfaztudo-rs.com.br\/wp-content\/uploads\/2024\/03\/Eletricista-em-Porto-Alegre_Instalacao-de-chuveiro-eletrico.png\" class=\"attachment-large size-large wp-image-956\" alt=\"\" srcset=\"https:\/\/felixfaztudo-rs.com.br\/wp-content\/uploads\/2024\/03\/Eletricista-em-Porto-Alegre_Instalacao-de-chuveiro-eletrico.png 600w, https:\/\/felixfaztudo-rs.com.br\/wp-content\/uploads\/2024\/03\/Eletricista-em-Porto-Alegre_Instalacao-de-chuveiro-eletrico-246x300.png 246w\" sizes=\"(max-width: 600px) 100vw, 600px\" \/>\t\t\t\t\t\t\t\t\t\t\t\t\t<\/div>\n\t\t\t\t<\/div>\n\t\t\t\t<\/div>\n\t\t<div class=\"elementor-element elementor-element-ee2025f e-con-full e-flex e-con e-parent\" data-id=\"ee2025f\" data-element_type=\"container\" data-core-v316-plus=\"true\">\n\t\t\t\t<div class=\"elementor-element elementor-element-4c640ee elementor-widget elementor-widget-image\" data-id=\"4c640ee\" data-element_type=\"widget\" data-widget_type=\"image.default\">\n\t\t\t\t<div class=\"elementor-widget-container\">\n\t\t\t\t\t\t\t\t\t\t\t\t\t<img decoding=\"async\" width=\"601\" height=\"719\" src=\"https:\/\/felixfaztudo-rs.com.br\/wp-content\/uploads\/2024\/03\/Eletricista-em-Porto-Alegre_Instalacao-de-lustres-e-luminarias.png\" class=\"attachment-large size-large wp-image-957\" alt=\"\" srcset=\"https:\/\/felixfaztudo-rs.com.br\/wp-content\/uploads\/2024\/03\/Eletricista-em-Porto-Alegre_Instalacao-de-lustres-e-luminarias.png 601w, https:\/\/felixfaztudo-rs.com.br\/wp-content\/uploads\/2024\/03\/Eletricista-em-Porto-Alegre_Instalacao-de-lustres-e-luminarias-251x300.png 251w\" sizes=\"(max-width: 601px) 100vw, 601px\" \/>\t\t\t\t\t\t\t\t\t\t\t\t\t<\/div>\n\t\t\t\t<\/div>\n\t\t\t\t<\/div>\n\t\t<div class=\"elementor-element elementor-element-faea949 e-con-full e-flex e-con e-parent\" data-id=\"faea949\" data-element_type=\"container\" data-core-v316-plus=\"true\">\n\t\t\t\t<div class=\"elementor-element elementor-element-f92e95d elementor-widget elementor-widget-image\" data-id=\"f92e95d\" data-element_type=\"widget\" data-widget_type=\"image.default\">\n\t\t\t\t<div class=\"elementor-widget-container\">\n\t\t\t\t\t\t\t\t\t\t\t\t\t<img loading=\"lazy\" decoding=\"async\" width=\"601\" height=\"719\" src=\"https:\/\/felixfaztudo-rs.com.br\/wp-content\/uploads\/2024\/03\/Eletricista-em-Porto-Alegre_instalacao-de-ventilador-de-teto.png\" class=\"attachment-large size-large wp-image-958\" alt=\"\" srcset=\"https:\/\/felixfaztudo-rs.com.br\/wp-content\/uploads\/2024\/03\/Eletricista-em-Porto-Alegre_instalacao-de-ventilador-de-teto.png 601w, https:\/\/felixfaztudo-rs.com.br\/wp-content\/uploads\/2024\/03\/Eletricista-em-Porto-Alegre_instalacao-de-ventilador-de-teto-251x300.png 251w\" sizes=\"(max-width: 601px) 100vw, 601px\" \/>\t\t\t\t\t\t\t\t\t\t\t\t\t<\/div>\n\t\t\t\t<\/div>\n\t\t\t\t<\/div>\n\t\t\t\t<\/div>\n\t\t<div class=\"elementor-element elementor-element-13d00dc e-flex e-con-boxed e-con e-parent\" data-id=\"13d00dc\" data-element_type=\"container\" data-core-v316-plus=\"true\">\n\t\t\t\t\t<div class=\"e-con-inner\">\n\t\t<div class=\"elementor-element elementor-element-8892edc e-con-full e-flex e-con e-parent\" data-id=\"8892edc\" data-element_type=\"container\" data-core-v316-plus=\"true\">\n\t\t\t\t<div class=\"elementor-element elementor-element-0d3a446 elementor-widget elementor-widget-image\" data-id=\"0d3a446\" data-element_type=\"widget\" data-widget_type=\"image.default\">\n\t\t\t\t<div class=\"elementor-widget-container\">\n\t\t\t\t\t\t\t\t\t\t\t\t\t<img loading=\"lazy\" decoding=\"async\" width=\"601\" height=\"743\" src=\"https:\/\/felixfaztudo-rs.com.br\/wp-content\/uploads\/2024\/03\/Eletricista-em-Porto-Alegre_reparo-em-quadro-de-disjuntores.png\" class=\"attachment-large size-large wp-image-959\" alt=\"\" srcset=\"https:\/\/felixfaztudo-rs.com.br\/wp-content\/uploads\/2024\/03\/Eletricista-em-Porto-Alegre_reparo-em-quadro-de-disjuntores.png 601w, https:\/\/felixfaztudo-rs.com.br\/wp-content\/uploads\/2024\/03\/Eletricista-em-Porto-Alegre_reparo-em-quadro-de-disjuntores-243x300.png 243w\" sizes=\"(max-width: 601px) 100vw, 601px\" \/>\t\t\t\t\t\t\t\t\t\t\t\t\t<\/div>\n\t\t\t\t<\/div>\n\t\t\t\t<\/div>\n\t\t<div class=\"elementor-element elementor-element-226e657 e-con-full e-flex e-con e-parent\" data-id=\"226e657\" data-element_type=\"container\" data-core-v316-plus=\"true\">\n\t\t\t\t<div class=\"elementor-element elementor-element-8b92afd elementor-widget elementor-widget-image\" data-id=\"8b92afd\" data-element_type=\"widget\" data-widget_type=\"image.default\">\n\t\t\t\t<div class=\"elementor-widget-container\">\n\t\t\t\t\t\t\t\t\t\t\t\t\t<img loading=\"lazy\" decoding=\"async\" width=\"606\" height=\"721\" src=\"https:\/\/felixfaztudo-rs.com.br\/wp-content\/uploads\/2024\/03\/Eletricista-em-Porto-Alegre_revisao-rede-eletrica.png\" class=\"attachment-large size-large wp-image-960\" alt=\"\" srcset=\"https:\/\/felixfaztudo-rs.com.br\/wp-content\/uploads\/2024\/03\/Eletricista-em-Porto-Alegre_revisao-rede-eletrica.png 606w, https:\/\/felixfaztudo-rs.com.br\/wp-content\/uploads\/2024\/03\/Eletricista-em-Porto-Alegre_revisao-rede-eletrica-252x300.png 252w, https:\/\/felixfaztudo-rs.com.br\/wp-content\/uploads\/2024\/03\/Eletricista-em-Porto-Alegre_revisao-rede-eletrica-600x714.png 600w\" sizes=\"(max-width: 606px) 100vw, 606px\" \/>\t\t\t\t\t\t\t\t\t\t\t\t\t<\/div>\n\t\t\t\t<\/div>\n\t\t\t\t<\/div>\n\t\t<div class=\"elementor-element elementor-element-dcea6ee e-con-full e-flex e-con e-parent\" data-id=\"dcea6ee\" data-element_type=\"container\" data-core-v316-plus=\"true\">\n\t\t\t\t<div class=\"elementor-element elementor-element-8190ee7 elementor-widget elementor-widget-image\" data-id=\"8190ee7\" data-element_type=\"widget\" data-widget_type=\"image.default\">\n\t\t\t\t<div class=\"elementor-widget-container\">\n\t\t\t\t\t\t\t\t\t\t\t\t\t<img loading=\"lazy\" decoding=\"async\" width=\"600\" height=\"715\" src=\"https:\/\/felixfaztudo-rs.com.br\/wp-content\/uploads\/2024\/03\/Servicos-hidraulicos_de-encanador_-em-Porto-Alegre.png\" class=\"attachment-large size-large wp-image-961\" alt=\"\" srcset=\"https:\/\/felixfaztudo-rs.com.br\/wp-content\/uploads\/2024\/03\/Servicos-hidraulicos_de-encanador_-em-Porto-Alegre.png 600w, https:\/\/felixfaztudo-rs.com.br\/wp-content\/uploads\/2024\/03\/Servicos-hidraulicos_de-encanador_-em-Porto-Alegre-252x300.png 252w\" sizes=\"(max-width: 600px) 100vw, 600px\" \/>\t\t\t\t\t\t\t\t\t\t\t\t\t<\/div>\n\t\t\t\t<\/div>\n\t\t\t\t<\/div>\n\t\t<div class=\"elementor-element elementor-element-e359f83 e-con-full e-flex e-con e-parent\" data-id=\"e359f83\" data-element_type=\"container\" data-core-v316-plus=\"true\">\n\t\t\t\t<div class=\"elementor-element elementor-element-3d255c8 elementor-widget elementor-widget-image\" data-id=\"3d255c8\" data-element_type=\"widget\" data-widget_type=\"image.default\">\n\t\t\t\t<div class=\"elementor-widget-container\">\n\t\t\t\t\t\t\t\t\t\t\t\t\t<img loading=\"lazy\" decoding=\"async\" width=\"601\" height=\"771\" src=\"https:\/\/felixfaztudo-rs.com.br\/wp-content\/uploads\/2024\/03\/Pintura-predial-em-Porto-Alegre.png\" class=\"attachment-large size-large wp-image-962\" alt=\"\" srcset=\"https:\/\/felixfaztudo-rs.com.br\/wp-content\/uploads\/2024\/03\/Pintura-predial-em-Porto-Alegre.png 601w, https:\/\/felixfaztudo-rs.com.br\/wp-content\/uploads\/2024\/03\/Pintura-predial-em-Porto-Alegre-234x300.png 234w\" sizes=\"(max-width: 601px) 100vw, 601px\" \/>\t\t\t\t\t\t\t\t\t\t\t\t\t<\/div>\n\t\t\t\t<\/div>\n\t\t\t\t<\/div>\n\t\t\t\t\t<\/div>\n\t\t\t\t<\/div>\n\t\t<div class=\"elementor-element elementor-element-4762b32 e-flex e-con-boxed e-con e-parent\" data-id=\"4762b32\" data-element_type=\"container\" data-core-v316-plus=\"true\">\n\t\t\t\t\t<div class=\"e-con-inner\">\n\t\t<div class=\"elementor-element elementor-element-11420ef e-con-full e-flex e-con e-parent\" data-id=\"11420ef\" data-element_type=\"container\" data-core-v316-plus=\"true\">\n\t\t\t\t<div class=\"elementor-element elementor-element-702ec54 elementor-widget elementor-widget-image\" data-id=\"702ec54\" data-element_type=\"widget\" data-widget_type=\"image.default\">\n\t\t\t\t<div class=\"elementor-widget-container\">\n\t\t\t\t\t\t\t\t\t\t\t\t\t<img loading=\"lazy\" decoding=\"async\" width=\"601\" height=\"771\" src=\"https:\/\/felixfaztudo-rs.com.br\/wp-content\/uploads\/2024\/03\/Servicos-de-marido-de-aluguel-em-Porto-Alegre.png\" class=\"attachment-large size-large wp-image-963\" alt=\"\" srcset=\"https:\/\/felixfaztudo-rs.com.br\/wp-content\/uploads\/2024\/03\/Servicos-de-marido-de-aluguel-em-Porto-Alegre.png 601w, https:\/\/felixfaztudo-rs.com.br\/wp-content\/uploads\/2024\/03\/Servicos-de-marido-de-aluguel-em-Porto-Alegre-234x300.png 234w\" sizes=\"(max-width: 601px) 100vw, 601px\" \/>\t\t\t\t\t\t\t\t\t\t\t\t\t<\/div>\n\t\t\t\t<\/div>\n\t\t\t\t<\/div>\n\t\t<div class=\"elementor-element elementor-element-dc7f751 e-con-full e-flex e-con e-parent\" data-id=\"dc7f751\" data-element_type=\"container\" data-core-v316-plus=\"true\">\n\t\t\t\t<div class=\"elementor-element elementor-element-88b3849 elementor-widget elementor-widget-image\" data-id=\"88b3849\" data-element_type=\"widget\" data-widget_type=\"image.default\">\n\t\t\t\t<div class=\"elementor-widget-container\">\n\t\t\t\t\t\t\t\t\t\t\t\t\t<img loading=\"lazy\" decoding=\"async\" width=\"607\" height=\"678\" src=\"https:\/\/felixfaztudo-rs.com.br\/wp-content\/uploads\/2024\/03\/Reparo-em-telhado-em-Porto-Alegre.png\" class=\"attachment-large size-large wp-image-964\" alt=\"\" srcset=\"https:\/\/felixfaztudo-rs.com.br\/wp-content\/uploads\/2024\/03\/Reparo-em-telhado-em-Porto-Alegre.png 607w, https:\/\/felixfaztudo-rs.com.br\/wp-content\/uploads\/2024\/03\/Reparo-em-telhado-em-Porto-Alegre-269x300.png 269w, https:\/\/felixfaztudo-rs.com.br\/wp-content\/uploads\/2024\/03\/Reparo-em-telhado-em-Porto-Alegre-600x670.png 600w\" sizes=\"(max-width: 607px) 100vw, 607px\" \/>\t\t\t\t\t\t\t\t\t\t\t\t\t<\/div>\n\t\t\t\t<\/div>\n\t\t\t\t<\/div>\n\t\t<div class=\"elementor-element elementor-element-f1c8ae7 e-con-full e-flex e-con e-parent\" data-id=\"f1c8ae7\" data-element_type=\"container\" data-core-v316-plus=\"true\">\n\t\t\t\t<div class=\"elementor-element elementor-element-4ff556a elementor-widget elementor-widget-image\" data-id=\"4ff556a\" data-element_type=\"widget\" data-widget_type=\"image.default\">\n\t\t\t\t<div class=\"elementor-widget-container\">\n\t\t\t\t\t\t\t\t\t\t\t\t\t<img loading=\"lazy\" decoding=\"async\" width=\"601\" height=\"734\" src=\"https:\/\/felixfaztudo-rs.com.br\/wp-content\/uploads\/2024\/03\/Vedacao-de-telhado-em-Porto-Alegre.png\" class=\"attachment-large size-large wp-image-965\" alt=\"\" srcset=\"https:\/\/felixfaztudo-rs.com.br\/wp-content\/uploads\/2024\/03\/Vedacao-de-telhado-em-Porto-Alegre.png 601w, https:\/\/felixfaztudo-rs.com.br\/wp-content\/uploads\/2024\/03\/Vedacao-de-telhado-em-Porto-Alegre-246x300.png 246w\" sizes=\"(max-width: 601px) 100vw, 601px\" \/>\t\t\t\t\t\t\t\t\t\t\t\t\t<\/div>\n\t\t\t\t<\/div>\n\t\t\t\t<\/div>\n\t\t<div class=\"elementor-element elementor-element-239d6a1 e-con-full e-flex e-con e-parent\" data-id=\"239d6a1\" data-element_type=\"container\" data-core-v316-plus=\"true\">\n\t\t\t\t<div class=\"elementor-element elementor-element-adae275 elementor-widget elementor-widget-image\" data-id=\"adae275\" data-element_type=\"widget\" data-widget_type=\"image.default\">\n\t\t\t\t<div class=\"elementor-widget-container\">\n\t\t\t\t\t\t\t\t\t\t\t\t\t<img loading=\"lazy\" decoding=\"async\" width=\"600\" height=\"725\" src=\"https:\/\/felixfaztudo-rs.com.br\/wp-content\/uploads\/2024\/03\/Servicos-de-Azulejista-em-Porto-Alegre.png\" class=\"attachment-large size-large wp-image-966\" alt=\"\" srcset=\"https:\/\/felixfaztudo-rs.com.br\/wp-content\/uploads\/2024\/03\/Servicos-de-Azulejista-em-Porto-Alegre.png 600w, https:\/\/felixfaztudo-rs.com.br\/wp-content\/uploads\/2024\/03\/Servicos-de-Azulejista-em-Porto-Alegre-248x300.png 248w\" sizes=\"(max-width: 600px) 100vw, 600px\" \/>\t\t\t\t\t\t\t\t\t\t\t\t\t<\/div>\n\t\t\t\t<\/div>\n\t\t\t\t<\/div>\n\t\t\t\t\t<\/div>\n\t\t\t\t<\/div>\n\t\t<div class=\"elementor-element elementor-element-db31b90 e-flex e-con-boxed e-con e-parent\" data-id=\"db31b90\" data-element_type=\"container\" data-core-v316-plus=\"true\">\n\t\t\t\t\t<div class=\"e-con-inner\">\n\t\t<div class=\"elementor-element elementor-element-79c8969 e-con-full e-flex e-con e-parent\" data-id=\"79c8969\" data-element_type=\"container\" data-core-v316-plus=\"true\">\n\t\t\t\t<div class=\"elementor-element elementor-element-d8b76bb elementor-widget elementor-widget-image\" data-id=\"d8b76bb\" data-element_type=\"widget\" data-widget_type=\"image.default\">\n\t\t\t\t<div class=\"elementor-widget-container\">\n\t\t\t\t\t\t\t\t\t\t\t\t\t<img loading=\"lazy\" decoding=\"async\" width=\"601\" height=\"796\" src=\"https:\/\/felixfaztudo-rs.com.br\/wp-content\/uploads\/2024\/03\/Instalacao-de-piso-laminado-e-rodape-em-Porto-Alegre.png\" class=\"attachment-large size-large wp-image-967\" alt=\"\" srcset=\"https:\/\/felixfaztudo-rs.com.br\/wp-content\/uploads\/2024\/03\/Instalacao-de-piso-laminado-e-rodape-em-Porto-Alegre.png 601w, https:\/\/felixfaztudo-rs.com.br\/wp-content\/uploads\/2024\/03\/Instalacao-de-piso-laminado-e-rodape-em-Porto-Alegre-227x300.png 227w\" sizes=\"(max-width: 601px) 100vw, 601px\" \/>\t\t\t\t\t\t\t\t\t\t\t\t\t<\/div>\n\t\t\t\t<\/div>\n\t\t\t\t<\/div>\n\t\t<div class=\"elementor-element elementor-element-470edfc e-con-full e-flex e-con e-parent\" data-id=\"470edfc\" data-element_type=\"container\" data-core-v316-plus=\"true\">\n\t\t\t\t<div class=\"elementor-element elementor-element-7a8863b elementor-widget elementor-widget-image\" data-id=\"7a8863b\" data-element_type=\"widget\" data-widget_type=\"image.default\">\n\t\t\t\t<div class=\"elementor-widget-container\">\n\t\t\t\t\t\t\t\t\t\t\t\t\t<img loading=\"lazy\" decoding=\"async\" width=\"600\" height=\"730\" src=\"https:\/\/felixfaztudo-rs.com.br\/wp-content\/uploads\/2024\/03\/Reparos-em-piso-de-basalto-em-Porto-Alegre.png\" class=\"attachment-large size-large wp-image-968\" alt=\"\" srcset=\"https:\/\/felixfaztudo-rs.com.br\/wp-content\/uploads\/2024\/03\/Reparos-em-piso-de-basalto-em-Porto-Alegre.png 600w, https:\/\/felixfaztudo-rs.com.br\/wp-content\/uploads\/2024\/03\/Reparos-em-piso-de-basalto-em-Porto-Alegre-247x300.png 247w\" sizes=\"(max-width: 600px) 100vw, 600px\" \/>\t\t\t\t\t\t\t\t\t\t\t\t\t<\/div>\n\t\t\t\t<\/div>\n\t\t\t\t<\/div>\n\t\t<div class=\"elementor-element elementor-element-5db80ac e-con-full e-flex e-con e-parent\" data-id=\"5db80ac\" data-element_type=\"container\" data-core-v316-plus=\"true\">\n\t\t\t\t<div class=\"elementor-element elementor-element-677e172 elementor-widget elementor-widget-image\" data-id=\"677e172\" data-element_type=\"widget\" data-widget_type=\"image.default\">\n\t\t\t\t<div class=\"elementor-widget-container\">\n\t\t\t\t\t\t\t\t\t\t\t\t\t<img loading=\"lazy\" decoding=\"async\" width=\"600\" height=\"741\" src=\"https:\/\/felixfaztudo-rs.com.br\/wp-content\/uploads\/2024\/03\/Troca-de-rejunte-em-Porto-Alegre.png\" class=\"attachment-large size-large wp-image-969\" alt=\"\" srcset=\"https:\/\/felixfaztudo-rs.com.br\/wp-content\/uploads\/2024\/03\/Troca-de-rejunte-em-Porto-Alegre.png 600w, https:\/\/felixfaztudo-rs.com.br\/wp-content\/uploads\/2024\/03\/Troca-de-rejunte-em-Porto-Alegre-243x300.png 243w\" sizes=\"(max-width: 600px) 100vw, 600px\" \/>\t\t\t\t\t\t\t\t\t\t\t\t\t<\/div>\n\t\t\t\t<\/div>\n\t\t\t\t<\/div>\n\t\t<div class=\"elementor-element elementor-element-599fb48 e-con-full e-flex e-con e-parent\" data-id=\"599fb48\" data-element_type=\"container\" data-core-v316-plus=\"true\">\n\t\t\t\t<div class=\"elementor-element elementor-element-197989b elementor-widget elementor-widget-image\" data-id=\"197989b\" data-element_type=\"widget\" data-widget_type=\"image.default\">\n\t\t\t\t<div class=\"elementor-widget-container\">\n\t\t\t\t\t\t\t\t\t\t\t\t\t<img loading=\"lazy\" decoding=\"async\" width=\"601\" height=\"731\" src=\"https:\/\/felixfaztudo-rs.com.br\/wp-content\/uploads\/2024\/03\/Reparos-em-piso-de-madeira-em-Porto-Alegre.png\" class=\"attachment-large size-large wp-image-970\" alt=\"\" srcset=\"https:\/\/felixfaztudo-rs.com.br\/wp-content\/uploads\/2024\/03\/Reparos-em-piso-de-madeira-em-Porto-Alegre.png 601w, https:\/\/felixfaztudo-rs.com.br\/wp-content\/uploads\/2024\/03\/Reparos-em-piso-de-madeira-em-Porto-Alegre-247x300.png 247w\" sizes=\"(max-width: 601px) 100vw, 601px\" \/>\t\t\t\t\t\t\t\t\t\t\t\t\t<\/div>\n\t\t\t\t<\/div>\n\t\t\t\t<\/div>\n\t\t\t\t\t<\/div>\n\t\t\t\t<\/div>\n\t\t<div class=\"elementor-element elementor-element-1c51c43 e-flex e-con-boxed e-con e-parent\" data-id=\"1c51c43\" data-element_type=\"container\" data-core-v316-plus=\"true\">\n\t\t\t\t\t<div class=\"e-con-inner\">\n\t\t<div class=\"elementor-element elementor-element-65326dd e-con-full e-flex e-con e-parent\" data-id=\"65326dd\" data-element_type=\"container\" data-core-v316-plus=\"true\">\n\t\t\t\t<div class=\"elementor-element elementor-element-1183ed9 elementor-widget elementor-widget-image\" data-id=\"1183ed9\" data-element_type=\"widget\" data-widget_type=\"image.default\">\n\t\t\t\t<div class=\"elementor-widget-container\">\n\t\t\t\t\t\t\t\t\t\t\t\t\t<img loading=\"lazy\" decoding=\"async\" width=\"600\" height=\"795\" src=\"https:\/\/felixfaztudo-rs.com.br\/wp-content\/uploads\/2024\/03\/Montagem-de-moveis-e-instalacao-de-equipamentos-em-Porto-Alegre.png\" class=\"attachment-large size-large wp-image-971\" alt=\"\" srcset=\"https:\/\/felixfaztudo-rs.com.br\/wp-content\/uploads\/2024\/03\/Montagem-de-moveis-e-instalacao-de-equipamentos-em-Porto-Alegre.png 600w, https:\/\/felixfaztudo-rs.com.br\/wp-content\/uploads\/2024\/03\/Montagem-de-moveis-e-instalacao-de-equipamentos-em-Porto-Alegre-226x300.png 226w\" sizes=\"(max-width: 600px) 100vw, 600px\" \/>\t\t\t\t\t\t\t\t\t\t\t\t\t<\/div>\n\t\t\t\t<\/div>\n\t\t\t\t<\/div>\n\t\t<div class=\"elementor-element elementor-element-78d37e0 e-con-full e-flex e-con e-parent\" data-id=\"78d37e0\" data-element_type=\"container\" data-core-v316-plus=\"true\">\n\t\t\t\t<div class=\"elementor-element elementor-element-f70b5e8 elementor-widget elementor-widget-image\" data-id=\"f70b5e8\" data-element_type=\"widget\" data-widget_type=\"image.default\">\n\t\t\t\t<div class=\"elementor-widget-container\">\n\t\t\t\t\t\t\t\t\t\t\t\t\t<img loading=\"lazy\" decoding=\"async\" width=\"601\" height=\"741\" src=\"https:\/\/felixfaztudo-rs.com.br\/wp-content\/uploads\/2024\/03\/Instalacao-de-papel-de-parede-em-Porto-Alegre.png\" class=\"attachment-large size-large wp-image-972\" alt=\"\" srcset=\"https:\/\/felixfaztudo-rs.com.br\/wp-content\/uploads\/2024\/03\/Instalacao-de-papel-de-parede-em-Porto-Alegre.png 601w, https:\/\/felixfaztudo-rs.com.br\/wp-content\/uploads\/2024\/03\/Instalacao-de-papel-de-parede-em-Porto-Alegre-243x300.png 243w\" sizes=\"(max-width: 601px) 100vw, 601px\" \/>\t\t\t\t\t\t\t\t\t\t\t\t\t<\/div>\n\t\t\t\t<\/div>\n\t\t\t\t<\/div>\n\t\t<div class=\"elementor-element elementor-element-913c5d1 e-con-full e-flex e-con e-parent\" data-id=\"913c5d1\" data-element_type=\"container\" data-core-v316-plus=\"true\">\n\t\t\t\t<div class=\"elementor-element elementor-element-a3b5f62 elementor-widget elementor-widget-image\" data-id=\"a3b5f62\" data-element_type=\"widget\" data-widget_type=\"image.default\">\n\t\t\t\t<div class=\"elementor-widget-container\">\n\t\t\t\t\t\t\t\t\t\t\t\t\t<img loading=\"lazy\" decoding=\"async\" width=\"600\" height=\"743\" src=\"https:\/\/felixfaztudo-rs.com.br\/wp-content\/uploads\/2024\/03\/Troca-de-mola-de-piso-em-Porto-Alegre.png\" class=\"attachment-large size-large wp-image-973\" alt=\"\" srcset=\"https:\/\/felixfaztudo-rs.com.br\/wp-content\/uploads\/2024\/03\/Troca-de-mola-de-piso-em-Porto-Alegre.png 600w, https:\/\/felixfaztudo-rs.com.br\/wp-content\/uploads\/2024\/03\/Troca-de-mola-de-piso-em-Porto-Alegre-242x300.png 242w\" sizes=\"(max-width: 600px) 100vw, 600px\" \/>\t\t\t\t\t\t\t\t\t\t\t\t\t<\/div>\n\t\t\t\t<\/div>\n\t\t\t\t<\/div>\n\t\t<div class=\"elementor-element elementor-element-4a77854 e-con-full e-flex e-con e-parent\" data-id=\"4a77854\" data-element_type=\"container\" data-core-v316-plus=\"true\">\n\t\t\t\t<div class=\"elementor-element elementor-element-9ec5f9a elementor-widget elementor-widget-image\" data-id=\"9ec5f9a\" data-element_type=\"widget\" data-widget_type=\"image.default\">\n\t\t\t\t<div class=\"elementor-widget-container\">\n\t\t\t\t\t\t\t\t\t\t\t\t\t<img loading=\"lazy\" decoding=\"async\" width=\"601\" height=\"725\" src=\"https:\/\/felixfaztudo-rs.com.br\/wp-content\/uploads\/2024\/03\/Servico-de-pequenos-fretes-em-Porto-Alegre.png\" class=\"attachment-large size-large wp-image-974\" alt=\"\" srcset=\"https:\/\/felixfaztudo-rs.com.br\/wp-content\/uploads\/2024\/03\/Servico-de-pequenos-fretes-em-Porto-Alegre.png 601w, https:\/\/felixfaztudo-rs.com.br\/wp-content\/uploads\/2024\/03\/Servico-de-pequenos-fretes-em-Porto-Alegre-249x300.png 249w\" sizes=\"(max-width: 601px) 100vw, 601px\" \/>\t\t\t\t\t\t\t\t\t\t\t\t\t<\/div>\n\t\t\t\t<\/div>\n\t\t\t\t<\/div>\n\t\t\t\t\t<\/div>\n\t\t\t\t<\/div>\n\t\t<div class=\"elementor-element elementor-element-d11dc2f e-con-full e-flex e-con e-parent\" data-id=\"d11dc2f\" data-element_type=\"container\" data-core-v316-plus=\"true\">\n\t\t\t\t<div class=\"elementor-element elementor-element-c794357 elementor-align-center elementor-widget elementor-widget-button\" data-id=\"c794357\" data-element_type=\"widget\" data-widget_type=\"button.default\">\n\t\t\t\t<div class=\"elementor-widget-container\">\n\t\t\t\t\t<div class=\"elementor-button-wrapper\">\n\t\t\t<a class=\"elementor-button elementor-button-link elementor-size-sm\" href=\"https:\/\/wa.me\/5551991849670\">\n\t\t\t\t\t\t<span class=\"elementor-button-content-wrapper\">\n\t\t\t\t\t\t<span class=\"elementor-button-text\">Clique aqui para pedir seu or\u00e7amento pelo whatsapp agora mesmo!<\/span>\n\t\t<\/span>\n\t\t\t\t\t<\/a>\n\t\t<\/div>\n\t\t\t\t<\/div>\n\t\t\t\t<\/div>\n\t\t\t\t<\/div>\n\t\t<div class=\"elementor-element elementor-element-e0c7a3c e-flex e-con-boxed e-con e-parent\" data-id=\"e0c7a3c\" data-element_type=\"container\" data-core-v316-plus=\"true\">\n\t\t\t\t\t<div class=\"e-con-inner\">\n\t\t\t\t\t<\/div>\n\t\t\t\t<\/div>\n\t\t\t\t<\/div>\n\t\t","protected":false},"excerpt":{"rendered":"<p>Servi\u00e7os diversos para seu im\u00f3vel ! Clique aqui para pedir seu or\u00e7amento pelo whatsapp agora mesmo!<\/p>\n","protected":false},"author":1,"featured_media":0,"parent":0,"menu_order":0,"comment_status":"closed","ping_status":"closed","template":"elementor_header_footer","meta":{"footnotes":""},"class_list":["post-77","page","type-page","status-publish","hentry"],"_links":{"self":[{"href":"https:\/\/felixfaztudo-rs.com.br\/index.php\/wp-json\/wp\/v2\/pages\/77","targetHints":{"allow":["GET"]}}],"collection":[{"href":"https:\/\/felixfaztudo-rs.com.br\/index.php\/wp-json\/wp\/v2\/pages"}],"about":[{"href":"https:\/\/felixfaztudo-rs.com.br\/index.php\/wp-json\/wp\/v2\/types\/page"}],"author":[{"embeddable":true,"href":"https:\/\/felixfaztudo-rs.com.br\/index.php\/wp-json\/wp\/v2\/users\/1"}],"replies":[{"embeddable":true,"href":"https:\/\/felixfaztudo-rs.com.br\/index.php\/wp-json\/wp\/v2\/comments?post=77"}],"version-history":[{"count":66,"href":"https:\/\/felixfaztudo-rs.com.br\/index.php\/wp-json\/wp\/v2\/pages\/77\/revisions"}],"predecessor-version":[{"id":1009,"href":"https:\/\/felixfaztudo-rs.com.br\/index.php\/wp-json\/wp\/v2\/pages\/77\/revisions\/1009"}],"wp:attachment":[{"href":"https:\/\/felixfaztudo-rs.com.br\/index.php\/wp-json\/wp\/v2\/media?parent=77"}],"curies":[{"name":"wp","href":"https:\/\/api.w.org\/{rel}","templated":true}]}}